{"id":166,"date":"2016-10-05T10:06:27","date_gmt":"2016-10-05T03:06:27","guid":{"rendered":"https:\/\/nhungken.com\/?post_type=product&#038;p=166"},"modified":"2024-02-12T15:36:34","modified_gmt":"2024-02-12T08:36:34","slug":"gio-lua","status":"publish","type":"product","link":"https:\/\/tranhuonggroup.com\/nhungken-shop\/san-pham\/gio-cha-moc\/gio-lua","title":{"rendered":"Gi\u00f2 l\u1ee5a"},"content":{"rendered":"<p>Gi\u00f2 l\u1ee5a, gi\u00f2 ch\u1ea3 hay ch\u1ea3 l\u1ee5a l\u00e0 t\u00ean g\u1ecdi c\u1ee7a m\u00f3n \u0103n \u0111\u01b0\u1ee3c l\u00e0m t\u1eeb hai nguy\u00ean li\u1ec7u c\u01a1 b\u1ea3n l\u00e0 th\u1ecbt n\u1ea1c th\u0103n l\u1ee3n gi\u00e3 nhuy\u1ec5n k\u1ebft h\u1ee3p v\u1edbi n\u01b0\u1edbc m\u1eafm ngon, g\u00f3i trong l\u00e1 chu\u1ed1i v\u00e0 lu\u1ed9c ch\u00edn<\/p>\n<p>Ngay nay, ch\u1ea3 l\u1ee5a \u0111\u00e3 \u0111\u01b0\u1ee3c b\u00e1n r\u1ed9ng r\u00e3i \u1edf nhi\u1ec1u n\u01a1i. B\u1ea1n c\u00f3 th\u1ec3 t\u00ecm mua ch\u1ea3 t\u1ea1i c\u00e1c ch\u1ee3, si\u00eau th\u1ecb, c\u1eeda h\u00e0ng th\u1ef1c ph\u1ea9m quen<\/p>\n<p>Nhung Ken Shop\u00a0 c\u1eeda h\u00e0ng gi\u00f2, ch\u1ea3, m\u1ecdc Bi\u00ean H\u00f2a uy t\u00edn lu\u00f4n mang t\u1edbi cho b\u1ea1n nh\u1eefng th\u1ef1c ph\u1ea9m ngon, s\u1ea1ch, an to\u00e0n v\u1ec7 sinh<\/p>\n","protected":false},"excerpt":{"rendered":"<p>Gi\u00f2 l\u1ee5a l\u00e0 m\u1ed9t trong nh\u1eefng m\u00f3n \u0103n truy\u1ec1n th\u1ed1ng mang \u0111\u1eadm h\u01b0\u01a1ng s\u1eafc c\u1ee7a \u1ea9m th\u1ef1c Vi\u1ec7t Nam.<\/p>\n","protected":false},"featured_media":1004,"comment_status":"open","ping_status":"closed","template":"","meta":[],"product_cat":[48],"product_tag":[51],"yoast_head":"<!-- This site is optimized with the Yoast SEO plugin v17.6 - https:\/\/yoast.com\/wordpress\/plugins\/seo\/ -->\n<title>Gi\u00f2 l\u1ee5a - Nhung Ken Shop<\/title>\n<meta name=\"robots\" content=\"noindex, follow, max-snippet:-1, max-image-preview:large, max-video-preview:-1\" \/>\n<meta property=\"og:locale\" content=\"vi_VN\" \/>\n<meta property=\"og:type\" content=\"article\" \/>\n<meta property=\"og:title\" content=\"Gi\u00f2 l\u1ee5a - Nhung Ken Shop\" \/>\n<meta property=\"og:description\" content=\"Gi\u00f2 l\u1ee5a l\u00e0 m\u1ed9t trong nh\u1eefng m\u00f3n \u0103n truy\u1ec1n th\u1ed1ng mang \u0111\u1eadm h\u01b0\u01a1ng s\u1eafc c\u1ee7a \u1ea9m th\u1ef1c Vi\u1ec7t Nam.\" \/>\n<meta property=\"og:url\" content=\"https:\/\/tranhuonggroup.com\/nhungken-shop\/san-pham\/gio-cha-moc\/gio-lua\" \/>\n<meta property=\"og:site_name\" content=\"Nhung Ken Shop\" \/>\n<meta property=\"article:modified_time\" content=\"2024-02-12T08:36:34+00:00\" \/>\n<meta property=\"og:image\" content=\"https:\/\/tranhuonggroup.com\/nhungken-shop\/wp-content\/uploads\/2021\/11\/Gio-Cha.png\" \/>\n\t<meta property=\"og:image:width\" content=\"637\" \/>\n\t<meta property=\"og:image:height\" content=\"799\" \/>\n<meta name=\"twitter:card\" content=\"summary_large_image\" \/>\n<meta name=\"twitter:label1\" content=\"\u01af\u1edbc t\u00ednh th\u1eddi gian \u0111\u1ecdc\" \/>\n\t<meta name=\"twitter:data1\" content=\"1 ph\u00fat\" \/>\n<script type=\"application\/ld+json\" class=\"yoast-schema-graph\">{\"@context\":\"https:\/\/schema.org\",\"@graph\":[{\"@type\":\"WebSite\",\"@id\":\"https:\/\/tranhuonggroup.com\/nhungken-shop\/#website\",\"url\":\"https:\/\/tranhuonggroup.com\/nhungken-shop\/\",\"name\":\"Nhung Ken Shop\",\"description\":\"\",\"potentialAction\":[{\"@type\":\"SearchAction\",\"target\":{\"@type\":\"EntryPoint\",\"urlTemplate\":\"https:\/\/tranhuonggroup.com\/nhungken-shop\/?s={search_term_string}\"},\"query-input\":\"required name=search_term_string\"}],\"inLanguage\":\"vi\"},{\"@type\":\"ImageObject\",\"@id\":\"https:\/\/tranhuonggroup.com\/nhungken-shop\/san-pham\/gio-cha-moc\/gio-lua#primaryimage\",\"inLanguage\":\"vi\",\"url\":\"https:\/\/tranhuonggroup.com\/nhungken-shop\/wp-content\/uploads\/2021\/11\/Gio-Cha.png\",\"contentUrl\":\"https:\/\/tranhuonggroup.com\/nhungken-shop\/wp-content\/uploads\/2021\/11\/Gio-Cha.png\",\"width\":637,\"height\":799},{\"@type\":\"WebPage\",\"@id\":\"https:\/\/tranhuonggroup.com\/nhungken-shop\/san-pham\/gio-cha-moc\/gio-lua#webpage\",\"url\":\"https:\/\/tranhuonggroup.com\/nhungken-shop\/san-pham\/gio-cha-moc\/gio-lua\",\"name\":\"Gi\\u00f2 l\\u1ee5a - Nhung Ken Shop\",\"isPartOf\":{\"@id\":\"https:\/\/tranhuonggroup.com\/nhungken-shop\/#website\"},\"primaryImageOfPage\":{\"@id\":\"https:\/\/tranhuonggroup.com\/nhungken-shop\/san-pham\/gio-cha-moc\/gio-lua#primaryimage\"},\"datePublished\":\"2016-10-05T03:06:27+00:00\",\"dateModified\":\"2024-02-12T08:36:34+00:00\",\"breadcrumb\":{\"@id\":\"https:\/\/tranhuonggroup.com\/nhungken-shop\/san-pham\/gio-cha-moc\/gio-lua#breadcrumb\"},\"inLanguage\":\"vi\",\"potentialAction\":[{\"@type\":\"ReadAction\",\"target\":[\"https:\/\/tranhuonggroup.com\/nhungken-shop\/san-pham\/gio-cha-moc\/gio-lua\"]}]},{\"@type\":\"BreadcrumbList\",\"@id\":\"https:\/\/tranhuonggroup.com\/nhungken-shop\/san-pham\/gio-cha-moc\/gio-lua#breadcrumb\",\"itemListElement\":[{\"@type\":\"ListItem\",\"position\":1,\"name\":\"Trang ch\\u1ee7\",\"item\":\"https:\/\/tranhuonggroup.com\/nhungken-shop\/\"},{\"@type\":\"ListItem\",\"position\":2,\"name\":\"S\\u1ea3n ph\\u1ea9m\",\"item\":\"https:\/\/tranhuonggroup.com\/nhungken-shop\/san-pham\"},{\"@type\":\"ListItem\",\"position\":3,\"name\":\"Gi\\u00f2 l\\u1ee5a\"}]}]}<\/script>\n<!-- \/ Yoast SEO plugin. -->","yoast_head_json":{"title":"Gi\u00f2 l\u1ee5a - Nhung Ken Shop","robots":{"index":"noindex","follow":"follow","max-snippet":"max-snippet:-1","max-image-preview":"max-image-preview:large","max-video-preview":"max-video-preview:-1"},"og_locale":"vi_VN","og_type":"article","og_title":"Gi\u00f2 l\u1ee5a - Nhung Ken Shop","og_description":"Gi\u00f2 l\u1ee5a l\u00e0 m\u1ed9t trong nh\u1eefng m\u00f3n \u0103n truy\u1ec1n th\u1ed1ng mang \u0111\u1eadm h\u01b0\u01a1ng s\u1eafc c\u1ee7a \u1ea9m th\u1ef1c Vi\u1ec7t Nam.","og_url":"https:\/\/tranhuonggroup.com\/nhungken-shop\/san-pham\/gio-cha-moc\/gio-lua","og_site_name":"Nhung Ken Shop","article_modified_time":"2024-02-12T08:36:34+00:00","og_image":[{"width":637,"height":799,"url":"https:\/\/tranhuonggroup.com\/nhungken-shop\/wp-content\/uploads\/2021\/11\/Gio-Cha.png","type":"image\/png"}],"twitter_card":"summary_large_image","twitter_misc":{"\u01af\u1edbc t\u00ednh th\u1eddi gian \u0111\u1ecdc":"1 ph\u00fat"},"schema":{"@context":"https:\/\/schema.org","@graph":[{"@type":"WebSite","@id":"https:\/\/tranhuonggroup.com\/nhungken-shop\/#website","url":"https:\/\/tranhuonggroup.com\/nhungken-shop\/","name":"Nhung Ken Shop","description":"","potentialAction":[{"@type":"SearchAction","target":{"@type":"EntryPoint","urlTemplate":"https:\/\/tranhuonggroup.com\/nhungken-shop\/?s={search_term_string}"},"query-input":"required name=search_term_string"}],"inLanguage":"vi"},{"@type":"ImageObject","@id":"https:\/\/tranhuonggroup.com\/nhungken-shop\/san-pham\/gio-cha-moc\/gio-lua#primaryimage","inLanguage":"vi","url":"https:\/\/tranhuonggroup.com\/nhungken-shop\/wp-content\/uploads\/2021\/11\/Gio-Cha.png","contentUrl":"https:\/\/tranhuonggroup.com\/nhungken-shop\/wp-content\/uploads\/2021\/11\/Gio-Cha.png","width":637,"height":799},{"@type":"WebPage","@id":"https:\/\/tranhuonggroup.com\/nhungken-shop\/san-pham\/gio-cha-moc\/gio-lua#webpage","url":"https:\/\/tranhuonggroup.com\/nhungken-shop\/san-pham\/gio-cha-moc\/gio-lua","name":"Gi\u00f2 l\u1ee5a - Nhung Ken Shop","isPartOf":{"@id":"https:\/\/tranhuonggroup.com\/nhungken-shop\/#website"},"primaryImageOfPage":{"@id":"https:\/\/tranhuonggroup.com\/nhungken-shop\/san-pham\/gio-cha-moc\/gio-lua#primaryimage"},"datePublished":"2016-10-05T03:06:27+00:00","dateModified":"2024-02-12T08:36:34+00:00","breadcrumb":{"@id":"https:\/\/tranhuonggroup.com\/nhungken-shop\/san-pham\/gio-cha-moc\/gio-lua#breadcrumb"},"inLanguage":"vi","potentialAction":[{"@type":"ReadAction","target":["https:\/\/tranhuonggroup.com\/nhungken-shop\/san-pham\/gio-cha-moc\/gio-lua"]}]},{"@type":"BreadcrumbList","@id":"https:\/\/tranhuonggroup.com\/nhungken-shop\/san-pham\/gio-cha-moc\/gio-lua#breadcrumb","itemListElement":[{"@type":"ListItem","position":1,"name":"Trang ch\u1ee7","item":"https:\/\/tranhuonggroup.com\/nhungken-shop\/"},{"@type":"ListItem","position":2,"name":"S\u1ea3n ph\u1ea9m","item":"https:\/\/tranhuonggroup.com\/nhungken-shop\/san-pham"},{"@type":"ListItem","position":3,"name":"Gi\u00f2 l\u1ee5a"}]}]}},"_links":{"self":[{"href":"https:\/\/tranhuonggroup.com\/nhungken-shop\/wp-json\/wp\/v2\/product\/166"}],"collection":[{"href":"https:\/\/tranhuonggroup.com\/nhungken-shop\/wp-json\/wp\/v2\/product"}],"about":[{"href":"https:\/\/tranhuonggroup.com\/nhungken-shop\/wp-json\/wp\/v2\/types\/product"}],"replies":[{"embeddable":true,"href":"https:\/\/tranhuonggroup.com\/nhungken-shop\/wp-json\/wp\/v2\/comments?post=166"}],"wp:featuredmedia":[{"embeddable":true,"href":"https:\/\/tranhuonggroup.com\/nhungken-shop\/wp-json\/wp\/v2\/media\/1004"}],"wp:attachment":[{"href":"https:\/\/tranhuonggroup.com\/nhungken-shop\/wp-json\/wp\/v2\/media?parent=166"}],"wp:term":[{"taxonomy":"product_cat","embeddable":true,"href":"https:\/\/tranhuonggroup.com\/nhungken-shop\/wp-json\/wp\/v2\/product_cat?post=166"},{"taxonomy":"product_tag","embeddable":true,"href":"https:\/\/tranhuonggroup.com\/nhungken-shop\/wp-json\/wp\/v2\/product_tag?post=166"}],"curies":[{"name":"wp","href":"https:\/\/api.w.org\/{rel}","templated":true}]}}