{"id":229,"date":"2016-10-05T12:25:47","date_gmt":"2016-10-05T05:25:47","guid":{"rendered":"https:\/\/nhungken.com\/?page_id=229"},"modified":"2021-11-29T20:46:26","modified_gmt":"2021-11-29T13:46:26","slug":"gioi-thieu","status":"publish","type":"page","link":"https:\/\/tranhuonggroup.com\/nhungken-shop\/gioi-thieu","title":{"rendered":"Gi\u1edbi thi\u1ec7u Nhung Ken Shop"},"content":{"rendered":"<p>[vc_row full_width=&#8221;stretch_row&#8221; inverse=&#8221;&#8221; css=&#8221;.vc_custom_1637312801525{background-image: url(https:\/\/nhungken.com\/wp-content\/uploads\/2021\/11\/banner-header-nhungken.png?id=958) !important;}&#8221; el_class=&#8221;bg_pst_top&#8221;][vc_column css=&#8221;.vc_custom_1476957534839{padding-top: 0.1rem !important;}&#8221;]<div class=\"columns_wrap sc_columns columns_nofluid sc_columns_count_2 margin_top_small margin_bottom_huge\"><div class=\"column-1_2 sc_column_item sc_column_item_1 odd first\"><\/div><div class=\"column-1_2 sc_column_item sc_column_item_2 even\"><div class=\"sc_section section_style_original_margin aligncenter\"><div class=\"sc_section_inner\"><h6 class=\"sc_section_subtitle sc_item_subtitle\">Hello!<\/h6><h4 class=\"sc_section_title sc_item_title sc_item_title_without_descr\">Nhung Ken Shop!<\/h4><div class=\"sc_section_descr sc_item_descr\">Nhung Ken Shop chuy\u00ean s\u1ec9 v\u00e0 l\u1ebb c\u00e1c th\u1ef1c ph\u1ea9m : Gi\u00f2 - Ch\u1ea3 - M\u1ecdc, th\u1ef1c ph\u1ea9m ch\u1ee9c n\u0103ng l\u00e0m \u0111\u1eb9p. \u0110\u1ea3m b\u1ea3o ch\u1ea5t l\u01b0\u1ee3ng, uy t\u00edn h\u00e0ng \u0111\u1ea7u t\u1ea1i Bi\u00ean Ho\u00e0<\/div><div class=\"sc_section_content_wrap\"><\/div><div class=\"sc_section_button sc_item_button\"><a href=\"\/san-pham\/\" class=\"sc_button sc_button_square sc_button_style_filled sc_button_size_small\">Mua ngay<\/a><\/div><\/div><\/div><\/div><\/div>[vc_empty_space height=&#8221;1.9rem&#8221;][\/vc_column][\/vc_row][vc_row full_width=&#8221;stretch_row&#8221; inverse=&#8221;yes&#8221; css=&#8221;.vc_custom_1476953385641{background-image: url(https:\/\/nhungken.com\/wp-content\/uploads\/2016\/10\/bg2.jpg?id=235) !important;background-position: center !important;background-repeat: no-repeat !important;background-size: cover !important;}&#8221;][vc_column]<div class=\"sc_section margin_top_null margin_bottom_null aligncenter\" style=\"max-width: 808px;background-image:url(https:\/\/tranhuonggroup.com\/nhungken-shop\/wp-content\/uploads\/2016\/10\/bg_dark.png);background-repeat:repeat;\"><div class=\"sc_section_inner\"><div class=\"sc_section_overlay\" style=\"\"><div class=\"sc_section_content padding_on\" style=\"\"><h6 class=\"sc_section_subtitle sc_item_subtitle\">COMMENT<\/h6><h4 class=\"sc_section_title sc_item_title sc_item_title_without_descr\">Ph\u1ea3n H\u1ed3i Kh\u00e1ch H\u00e0ng<\/h4><div class=\"sc_section_content_wrap\"><div id=\"sc_testimonials_513085735\" class=\"sc_testimonials sc_testimonials_style_testimonials-1  margin_bottom_medium\" style=\"width:100%;\"><div class=\"sc_slider_swiper swiper-slider-container sc_slider_nopagination sc_slider_nocontrols\" data-interval=\"9714\" data-slides-min-width=\"250\"><div class=\"slides swiper-wrapper\"><div class=\"swiper-slide\" data-style=\"width:100%;\" style=\"width:100%;\">\t\t\t<div id=\"sc_testimonials_513085735_1\" class=\"sc_testimonial_item\">\n\t\t\t\t<div class=\"sc_testimonial_content\"><p>Gi\u00f2 ch\u1ea3 \u0103n ngon mi\u1ec7ng, m\u1ecdc n\u1ea5u b\u00fan c\u1ef1c ngon. Gi\u00e1 c\u1ea3 h\u1ee3p l\u00fd, nh\u00e2n vi\u00ean ph\u1ee5c v\u1ee5 nhi\u1ec7t t\u00ecnh t\u1eadn t\u00e2m! S\u1ebd \u1ee7ng h\u1ed9 d\u00e0i d\u00e0i nh\u00e9 c\u00e1c b\u1ea1n<\/p>\n<\/div>\n\t\t\t\t\t\t\t\t<div class=\"sc_testimonial_avatar\"><img class=\"wp-post-image\" width=\"240\" height=\"240\" alt=\"Vi\u1ec7n Nguy\u1ec5n\" src=\"https:\/\/tranhuonggroup.com\/nhungken-shop\/wp-content\/uploads\/2016\/10\/vien-nguyen-240x240.jpg\"><\/div>\n\t\t\t\t\t\t\t\t\t\t\t\t<div class=\"sc_testimonial_author\"><span class=\"sc_testimonial_author_name\">Vi\u1ec7n<\/span><span class=\"sc_testimonial_author_position\">Nguy\u1ec5n<\/span><\/div>\n\t\t\t\t\t\t\t<\/div>\n\t\t<\/div><div class=\"swiper-slide\" data-style=\"width:100%;\" style=\"width:100%;\">\t\t\t<div id=\"sc_testimonials_513085735_2\" class=\"sc_testimonial_item\">\n\t\t\t\t<div class=\"sc_testimonial_content\"><p>Mua \u0103n th\u1eed c\u1ea3m th\u1ea5y r\u1ea5t ngon. S\u1ea3n ph\u1ea9m s\u1ea1ch \u0111\u1ec3 \u0111\u01b0\u1ee3c r\u1ea5t l\u00e2u. Shop c\u1ea7n ph\u00e1t huy nh\u00e9 Nhung Ken<\/p>\n<\/div>\n\t\t\t\t\t\t\t\t<div class=\"sc_testimonial_avatar\"><img class=\"wp-post-image\" width=\"240\" height=\"240\" alt=\"Oanh Nguy\u1ec5n\" src=\"https:\/\/tranhuonggroup.com\/nhungken-shop\/wp-content\/uploads\/2016\/10\/oanh-nguyen-240x240.jpg\"><\/div>\n\t\t\t\t\t\t\t\t\t\t\t\t<div class=\"sc_testimonial_author\"><span class=\"sc_testimonial_author_name\">Oanh<\/span><span class=\"sc_testimonial_author_position\">Nguy\u1ec5n<\/span><\/div>\n\t\t\t\t\t\t\t<\/div>\n\t\t<\/div><div class=\"swiper-slide\" data-style=\"width:100%;\" style=\"width:100%;\">\t\t\t<div id=\"sc_testimonials_513085735_3\" class=\"sc_testimonial_item\">\n\t\t\t\t<div class=\"sc_testimonial_content\"><p>K\u1eb9o d\u1ee9a gi\u1ea3m c\u00e2n r\u1ea5t hi\u1ec7u qu\u1ea3, d\u00f9ng ch\u01b0a \u0111\u01b0\u1ee3c 1 th\u00e1ng m\u00e0 th\u1ea5y gi\u1ea3m c\u00e2n r\u00f5 r\u1ec7t. Ng\u01b0\u1eddi c\u1ea3m th\u1ea5y nh\u1eb9 nh\u00e0ng bay b\u1ed5ng. \u0110ang li\u00ean h\u1ec7 Nhung Ken \u0111\u1eb7t th\u00eam v\u00e0i b\u1ecbch n\u1eefa \u0103n d\u1ea7n<\/p>\n<\/div>\n\t\t\t\t\t\t\t\t<div class=\"sc_testimonial_avatar\"><img class=\"wp-post-image\" width=\"240\" height=\"240\" alt=\"G\u01b0\u01a1ng Tr\u1ea7n\" src=\"https:\/\/tranhuonggroup.com\/nhungken-shop\/wp-content\/uploads\/2016\/10\/guong-tran-240x240.jpg\"><\/div>\n\t\t\t\t\t\t\t\t\t\t\t\t<div class=\"sc_testimonial_author\"><span class=\"sc_testimonial_author_name\">G\u01b0\u01a1ng<\/span><span class=\"sc_testimonial_author_position\">Tr\u1ea7n<\/span><\/div>\n\t\t\t\t\t\t\t<\/div>\n\t\t<\/div><\/div><div class=\"sc_slider_controls_wrap\"><a class=\"sc_slider_prev\" href=\"#\"><\/a><a class=\"sc_slider_next\" href=\"#\"><\/a><\/div><div class=\"sc_slider_pagination_wrap\"><\/div><\/div><\/div>[vc_empty_space height=&#8221;0.9rem&#8221;]<\/div><\/div><\/div><\/div><\/div>[\/vc_column][\/vc_row][vc_row full_width=&#8221;stretch_row&#8221; inverse=&#8221;&#8221; css=&#8221;.vc_custom_1476956896651{background-image: url(https:\/\/nhungken.com\/wp-content\/uploads\/2016\/10\/color_bg.jpg?id=488) !important;background-position: 0 0 !important;background-repeat: repeat !important;}&#8221;][vc_column css=&#8221;.vc_custom_1475831823761{margin-bottom: 0.7rem !important;}&#8221;]<div class=\"sc_section section_style_original_smallmargin\"><div class=\"sc_section_inner\"><h6 class=\"sc_section_subtitle sc_item_subtitle\">SALE<\/h6><h4 class=\"sc_section_title sc_item_title sc_item_title_without_descr\">Ch\u01b0\u01a1ng tr\u00ecnh khuy\u1ebfn m\u1ea1i<\/h4><div class=\"sc_section_content_wrap\"><\/div><\/div><\/div><div class=\"sc_section sc_section_block margin_top_small\" style=\"background-image:url(https:\/\/tranhuonggroup.com\/nhungken-shop\/wp-content\/uploads\/2021\/11\/Banner-Gio-Cha-Moc.png);background-repeat:no-repeat;background-size:cover;\"><div class=\"sc_section_inner\"><div class=\"sc_section_overlay\" style=\"\"><div class=\"sc_section_content padding_on\" style=\"\"><div class=\"sc_section_content_wrap\"><div class=\"columns_wrap sc_columns columns_nofluid sc_columns_count_2\"><div class=\"column-1_2 sc_column_item sc_column_item_1 odd first\"><\/div><div class=\"column-1_2 sc_column_item sc_column_item_2 even\"><div class=\"sc_section margin_left_small section_style_promo_section\"><div class=\"sc_section_inner\"><h4 class=\"sc_section_title sc_item_title sc_item_title_without_descr\">Th\u1ef1c ph\u1ea9m ti\u00eau d\u00f9ng<\/h4><div class=\"sc_section_descr sc_item_descr\">Nhung Ken Shop chuy\u00ean s\u1ec9 l\u1ebb c\u00e1c th\u1ef1c ph\u1ea9m ti\u00eau d\u00f9ng th\u01a1m ngon:<br \/>\n-Gi\u00f2 l\u1ee5a<br \/>\n-Ch\u1ea3 chi\u00ean<br \/>\n-M\u1ecdc<br \/>\n-Gi\u00f2 b\u00f2<br \/>\n-Gi\u00f2 l\u01b0\u1ee1i<\/div><div class=\"sc_section_content_wrap\"><\/div><div class=\"sc_section_button sc_item_button\"><a href=\"\/gio-cha-moc\/\" class=\"sc_button sc_button_square sc_button_style_filled sc_button_size_small\">Xem th\u00eam<\/a><\/div><\/div><\/div>[vc_empty_space height=&#8221;0.2rem&#8221;]<\/div><\/div><\/div><\/div><\/div><\/div><\/div>[vc_empty_space height=&#8221;0.35rem&#8221;]<div class=\"sc_section sc_section_block margin_top_small margin_bottom_huge\" style=\"background-image:url(https:\/\/tranhuonggroup.com\/nhungken-shop\/wp-content\/uploads\/2021\/11\/Banner-Thuc-Pham-Chuc-Nang.png);background-repeat:no-repeat;background-size:cover;\"><div class=\"sc_section_inner\"><div class=\"sc_section_overlay\" style=\"\"><div class=\"sc_section_content padding_on\" style=\"\"><div class=\"sc_section_content_wrap\"><div class=\"columns_wrap sc_columns columns_nofluid sc_columns_count_2\"><div class=\"column-1_2 sc_column_item sc_column_item_1 odd first\"><div class=\"sc_section section_style_promo_section\"><div class=\"sc_section_inner\"><h4 class=\"sc_section_title sc_item_title sc_item_title_without_descr\">Th\u1ef1c ph\u1ea9m ch\u1ee9c n\u0103ng<\/h4><div class=\"sc_section_descr sc_item_descr\">Th\u1ef1c ph\u1ea9m ch\u1ee9c n\u0103ng<br \/>\n-K\u1eb9o d\u1ee9a gi\u1ea3m c\u00e2n<br \/>\n-K\u1eb9o m\u1ea7m Collagen h\u1ed3ng s\u00e2m cao c\u1ea5p<\/div><div class=\"sc_section_content_wrap\"><\/div><div class=\"sc_section_button sc_item_button\"><a href=\"\/thuc-pham-lam-dep\/\" class=\"sc_button sc_button_square sc_button_style_filled sc_button_size_small\">Xem th\u00eam<\/a><\/div><\/div><\/div>[vc_empty_space height=&#8221;0.2rem&#8221;]<\/div><div class=\"column-1_2 sc_column_item sc_column_item_2 even\"><\/div><\/div><\/div><\/div><\/div><\/div><\/div>[\/vc_column][\/vc_row]<\/p>\n","protected":false},"excerpt":{"rendered":"<p>[vc_row full_width=&#8221;stretch_row&#8221; inverse=&#8221;&#8221; css=&#8221;.vc_custom_1637312801525{background-image: url(https:\/\/nhungken.com\/wp-content\/uploads\/2021\/11\/banner-header-nhungken.png?id=958) !important;}&#8221; el_class=&#8221;bg_pst_top&#8221;][vc_column css=&#8221;.vc_custom_1476957534839{padding-top: 0.1rem !important;}&#8221;][vc_empty_space height=&#8221;1.9rem&#8221;][\/vc_column][\/vc_row][vc_row full_width=&#8221;stretch_row&#8221; inverse=&#8221;yes&#8221; css=&#8221;.vc_custom_1476953385641{background-image: url(https:\/\/nhungken.com\/wp-content\/uploads\/2016\/10\/bg2.jpg?id=235) !important;background-position: center !important;background-repeat: no-repeat !important;background-size: cover !important;}&#8221;][vc_column][\/vc_column][\/vc_row][vc_row full_width=&#8221;stretch_row&#8221; inverse=&#8221;&#8221; css=&#8221;.vc_custom_1476956896651{background-image: url(https:\/\/nhungken.com\/wp-content\/uploads\/2016\/10\/color_bg.jpg?id=488) !important;background-position: 0 0 !important;background-repeat: repeat !important;}&#8221;][vc_column css=&#8221;.vc_custom_1475831823761{margin-bottom: 0.7rem !important;}&#8221;][vc_empty_space height=&#8221;0.35rem&#8221;][\/vc_column][\/vc_row]<\/p>\n","protected":false},"author":1,"featured_media":0,"parent":0,"menu_order":0,"comment_status":"closed","ping_status":"closed","template":"","meta":[],"yoast_head":"<!-- This site is optimized with the Yoast SEO plugin v17.6 - https:\/\/yoast.com\/wordpress\/plugins\/seo\/ -->\n<title>Gi\u1edbi thi\u1ec7u Nhung Ken Shop - Nhung Ken Shop<\/title>\n<meta name=\"robots\" content=\"noindex, follow, max-snippet:-1, max-image-preview:large, max-video-preview:-1\" \/>\n<meta property=\"og:locale\" content=\"vi_VN\" \/>\n<meta property=\"og:type\" content=\"article\" \/>\n<meta property=\"og:title\" content=\"Gi\u1edbi thi\u1ec7u Nhung Ken Shop - Nhung Ken Shop\" \/>\n<meta property=\"og:description\" content=\"[vc_row full_width=&#8221;stretch_row&#8221; inverse=&#8221;&#8221; css=&#8221;.vc_custom_1637312801525{background-image: url(https:\/\/nhungken.com\/wp-content\/uploads\/2021\/11\/banner-header-nhungken.png?id=958) !important;}&#8221; el_class=&#8221;bg_pst_top&#8221;][vc_column css=&#8221;.vc_custom_1476957534839{padding-top: 0.1rem !important;}&#8221;][vc_empty_space height=&#8221;1.9rem&#8221;][\/vc_column][\/vc_row][vc_row full_width=&#8221;stretch_row&#8221; inverse=&#8221;yes&#8221; css=&#8221;.vc_custom_1476953385641{background-image: url(https:\/\/nhungken.com\/wp-content\/uploads\/2016\/10\/bg2.jpg?id=235) !important;background-position: center !important;background-repeat: no-repeat !important;background-size: cover !important;}&#8221;][vc_column][\/vc_column][\/vc_row][vc_row full_width=&#8221;stretch_row&#8221; inverse=&#8221;&#8221; css=&#8221;.vc_custom_1476956896651{background-image: url(https:\/\/nhungken.com\/wp-content\/uploads\/2016\/10\/color_bg.jpg?id=488) !important;background-position: 0 0 !important;background-repeat: repeat !important;}&#8221;][vc_column css=&#8221;.vc_custom_1475831823761{margin-bottom: 0.7rem !important;}&#8221;][vc_empty_space height=&#8221;0.35rem&#8221;][\/vc_column][\/vc_row]\" \/>\n<meta property=\"og:url\" content=\"https:\/\/tranhuonggroup.com\/nhungken-shop\/gioi-thieu\" \/>\n<meta property=\"og:site_name\" content=\"Nhung Ken Shop\" \/>\n<meta property=\"article:modified_time\" content=\"2021-11-29T13:46:26+00:00\" \/>\n<meta name=\"twitter:card\" content=\"summary_large_image\" \/>\n<meta name=\"twitter:label1\" content=\"\u01af\u1edbc t\u00ednh th\u1eddi gian \u0111\u1ecdc\" \/>\n\t<meta name=\"twitter:data1\" content=\"1 ph\u00fat\" \/>\n<script type=\"application\/ld+json\" class=\"yoast-schema-graph\">{\"@context\":\"https:\/\/schema.org\",\"@graph\":[{\"@type\":\"WebSite\",\"@id\":\"https:\/\/tranhuonggroup.com\/nhungken-shop\/#website\",\"url\":\"https:\/\/tranhuonggroup.com\/nhungken-shop\/\",\"name\":\"Nhung Ken Shop\",\"description\":\"\",\"potentialAction\":[{\"@type\":\"SearchAction\",\"target\":{\"@type\":\"EntryPoint\",\"urlTemplate\":\"https:\/\/tranhuonggroup.com\/nhungken-shop\/?s={search_term_string}\"},\"query-input\":\"required name=search_term_string\"}],\"inLanguage\":\"vi\"},{\"@type\":\"WebPage\",\"@id\":\"https:\/\/tranhuonggroup.com\/nhungken-shop\/gioi-thieu#webpage\",\"url\":\"https:\/\/tranhuonggroup.com\/nhungken-shop\/gioi-thieu\",\"name\":\"Gi\\u1edbi thi\\u1ec7u Nhung Ken Shop - Nhung Ken Shop\",\"isPartOf\":{\"@id\":\"https:\/\/tranhuonggroup.com\/nhungken-shop\/#website\"},\"datePublished\":\"2016-10-05T05:25:47+00:00\",\"dateModified\":\"2021-11-29T13:46:26+00:00\",\"breadcrumb\":{\"@id\":\"https:\/\/tranhuonggroup.com\/nhungken-shop\/gioi-thieu#breadcrumb\"},\"inLanguage\":\"vi\",\"potentialAction\":[{\"@type\":\"ReadAction\",\"target\":[\"https:\/\/tranhuonggroup.com\/nhungken-shop\/gioi-thieu\"]}]},{\"@type\":\"BreadcrumbList\",\"@id\":\"https:\/\/tranhuonggroup.com\/nhungken-shop\/gioi-thieu#breadcrumb\",\"itemListElement\":[{\"@type\":\"ListItem\",\"position\":1,\"name\":\"Trang ch\\u1ee7\",\"item\":\"https:\/\/tranhuonggroup.com\/nhungken-shop\/\"},{\"@type\":\"ListItem\",\"position\":2,\"name\":\"Gi\\u1edbi thi\\u1ec7u Nhung Ken Shop\"}]}]}<\/script>\n<!-- \/ Yoast SEO plugin. -->","yoast_head_json":{"title":"Gi\u1edbi thi\u1ec7u Nhung Ken Shop - Nhung Ken Shop","robots":{"index":"noindex","follow":"follow","max-snippet":"max-snippet:-1","max-image-preview":"max-image-preview:large","max-video-preview":"max-video-preview:-1"},"og_locale":"vi_VN","og_type":"article","og_title":"Gi\u1edbi thi\u1ec7u Nhung Ken Shop - Nhung Ken Shop","og_description":"[vc_row full_width=&#8221;stretch_row&#8221; inverse=&#8221;&#8221; css=&#8221;.vc_custom_1637312801525{background-image: url(https:\/\/nhungken.com\/wp-content\/uploads\/2021\/11\/banner-header-nhungken.png?id=958) !important;}&#8221; el_class=&#8221;bg_pst_top&#8221;][vc_column css=&#8221;.vc_custom_1476957534839{padding-top: 0.1rem !important;}&#8221;][vc_empty_space height=&#8221;1.9rem&#8221;][\/vc_column][\/vc_row][vc_row full_width=&#8221;stretch_row&#8221; inverse=&#8221;yes&#8221; css=&#8221;.vc_custom_1476953385641{background-image: url(https:\/\/nhungken.com\/wp-content\/uploads\/2016\/10\/bg2.jpg?id=235) !important;background-position: center !important;background-repeat: no-repeat !important;background-size: cover !important;}&#8221;][vc_column][\/vc_column][\/vc_row][vc_row full_width=&#8221;stretch_row&#8221; inverse=&#8221;&#8221; css=&#8221;.vc_custom_1476956896651{background-image: url(https:\/\/nhungken.com\/wp-content\/uploads\/2016\/10\/color_bg.jpg?id=488) !important;background-position: 0 0 !important;background-repeat: repeat !important;}&#8221;][vc_column css=&#8221;.vc_custom_1475831823761{margin-bottom: 0.7rem !important;}&#8221;][vc_empty_space height=&#8221;0.35rem&#8221;][\/vc_column][\/vc_row]","og_url":"https:\/\/tranhuonggroup.com\/nhungken-shop\/gioi-thieu","og_site_name":"Nhung Ken Shop","article_modified_time":"2021-11-29T13:46:26+00:00","twitter_card":"summary_large_image","twitter_misc":{"\u01af\u1edbc t\u00ednh th\u1eddi gian \u0111\u1ecdc":"1 ph\u00fat"},"schema":{"@context":"https:\/\/schema.org","@graph":[{"@type":"WebSite","@id":"https:\/\/tranhuonggroup.com\/nhungken-shop\/#website","url":"https:\/\/tranhuonggroup.com\/nhungken-shop\/","name":"Nhung Ken Shop","description":"","potentialAction":[{"@type":"SearchAction","target":{"@type":"EntryPoint","urlTemplate":"https:\/\/tranhuonggroup.com\/nhungken-shop\/?s={search_term_string}"},"query-input":"required name=search_term_string"}],"inLanguage":"vi"},{"@type":"WebPage","@id":"https:\/\/tranhuonggroup.com\/nhungken-shop\/gioi-thieu#webpage","url":"https:\/\/tranhuonggroup.com\/nhungken-shop\/gioi-thieu","name":"Gi\u1edbi thi\u1ec7u Nhung Ken Shop - Nhung Ken Shop","isPartOf":{"@id":"https:\/\/tranhuonggroup.com\/nhungken-shop\/#website"},"datePublished":"2016-10-05T05:25:47+00:00","dateModified":"2021-11-29T13:46:26+00:00","breadcrumb":{"@id":"https:\/\/tranhuonggroup.com\/nhungken-shop\/gioi-thieu#breadcrumb"},"inLanguage":"vi","potentialAction":[{"@type":"ReadAction","target":["https:\/\/tranhuonggroup.com\/nhungken-shop\/gioi-thieu"]}]},{"@type":"BreadcrumbList","@id":"https:\/\/tranhuonggroup.com\/nhungken-shop\/gioi-thieu#breadcrumb","itemListElement":[{"@type":"ListItem","position":1,"name":"Trang ch\u1ee7","item":"https:\/\/tranhuonggroup.com\/nhungken-shop\/"},{"@type":"ListItem","position":2,"name":"Gi\u1edbi thi\u1ec7u Nhung Ken Shop"}]}]}},"_links":{"self":[{"href":"https:\/\/tranhuonggroup.com\/nhungken-shop\/wp-json\/wp\/v2\/pages\/229"}],"collection":[{"href":"https:\/\/tranhuonggroup.com\/nhungken-shop\/wp-json\/wp\/v2\/pages"}],"about":[{"href":"https:\/\/tranhuonggroup.com\/nhungken-shop\/wp-json\/wp\/v2\/types\/page"}],"author":[{"embeddable":true,"href":"https:\/\/tranhuonggroup.com\/nhungken-shop\/wp-json\/wp\/v2\/users\/1"}],"replies":[{"embeddable":true,"href":"https:\/\/tranhuonggroup.com\/nhungken-shop\/wp-json\/wp\/v2\/comments?post=229"}],"version-history":[{"count":7,"href":"https:\/\/tranhuonggroup.com\/nhungken-shop\/wp-json\/wp\/v2\/pages\/229\/revisions"}],"predecessor-version":[{"id":1067,"href":"https:\/\/tranhuonggroup.com\/nhungken-shop\/wp-json\/wp\/v2\/pages\/229\/revisions\/1067"}],"wp:attachment":[{"href":"https:\/\/tranhuonggroup.com\/nhungken-shop\/wp-json\/wp\/v2\/media?parent=229"}],"curies":[{"name":"wp","href":"https:\/\/api.w.org\/{rel}","templated":true}]}}