{"id":209,"date":"2016-10-05T11:53:23","date_gmt":"2016-10-05T11:53:23","guid":{"rendered":"https:\/\/nhungken.com\/?page_id=209"},"modified":"2021-12-04T14:04:43","modified_gmt":"2021-12-04T07:04:43","slug":"lien-he","status":"publish","type":"page","link":"https:\/\/tranhuonggroup.com\/nhungken-shop\/lien-he","title":{"rendered":"Li\u00ean h\u1ec7"},"content":{"rendered":"<p>[vc_row][vc_column css=&#8221;.vc_custom_1476090363107{margin-top: 0.8rem !important;margin-bottom: 0.1rem !important;}&#8221;]<div class=\"columns_wrap sc_columns columns_nofluid sc_columns_count_3 margin_top_huge margin_bottom_huge\" data-equal-height=\".sc_column_item\"><div class=\"column-1_3 sc_column_item sc_column_item_1 odd first\" style=\"text-align:center;\"><figure class=\"sc_image  sc_image_shape_square\"><img src=\"https:\/\/tranhuonggroup.com\/nhungken-shop\/wp-content\/uploads\/2021\/11\/Gio-Bo.png\" alt=\"\" \/><\/figure>[vc_empty_space height=&#8221;0.4rem&#8221;]<h5 class=\"sc_title sc_title_regular margin_top_small margin_bottom_null\" style=\"font-weight:700;\">\u0110\u1ecba ch\u1ec9<\/h5>[vc_empty_space height=&#8221;0.3rem&#8221;][vc_column_text]1827\/33 T\u1ed5 3, KP Thi\u00ean B\u00ecnh, P. Tam Ph\u01b0\u1edbc, TP Bi\u00ean H\u00f2a[\/vc_column_text]<\/div><div class=\"column-1_3 sc_column_item sc_column_item_2 even\" style=\"text-align:center;\"><figure class=\"sc_image  sc_image_shape_square\"><img src=\"https:\/\/tranhuonggroup.com\/nhungken-shop\/wp-content\/uploads\/2021\/11\/Gio-Lua.png\" alt=\"\" \/><\/figure>[vc_empty_space height=&#8221;0.4rem&#8221;]<h5 class=\"sc_title sc_title_regular margin_top_small margin_bottom_null\" style=\"font-weight:700;\">Hotline<\/h5>[vc_empty_space height=&#8221;0.3rem&#8221;][vc_column_text]<a href=\"tel:0964321338\">096.4321.338<\/a>[\/vc_column_text]<\/div><div class=\"column-1_3 sc_column_item sc_column_item_3 odd\" style=\"text-align:center;\"><figure class=\"sc_image  sc_image_shape_square\"><img src=\"https:\/\/tranhuonggroup.com\/nhungken-shop\/wp-content\/uploads\/2016\/10\/Keo-Dua-Giam-Can.png\" alt=\"\" \/><\/figure>[vc_empty_space height=&#8221;0.4rem&#8221;]<h5 class=\"sc_title sc_title_regular margin_top_small margin_bottom_null\" style=\"font-weight:700;\">Email<\/h5>[vc_empty_space height=&#8221;0.3rem&#8221;][vc_column_text]<a href=\"mailto:nhungken2006@gmail.com\">nhungken2006@gmail.com<\/a>[\/vc_column_text]<\/div><\/div>[\/vc_column][\/vc_row][vc_row full_width=&#8221;stretch_row_content_no_spaces&#8221;][vc_column width=&#8221;1\/2&#8243;][vc_raw_html]JTNDaWZyYW1lJTIwc3JjJTNEJTIyaHR0cHMlM0ElMkYlMkZ3d3cuZ29vZ2xlLmNvbSUyRm1hcHMlMkZlbWJlZCUzRnBiJTNEJTIxMW0xOCUyMTFtMTIlMjExbTMlMjExZDM5MTguMTc5NTczOTcyMTE3NCUyMTJkMTA2LjkyMDUwNjgxNDk2NTA4JTIxM2QxMC44NzM5NDI1OTIyNTU0MjYlMjEybTMlMjExZjAlMjEyZjAlMjEzZjAlMjEzbTIlMjExaTEwMjQlMjEyaTc2OCUyMTRmMTMuMSUyMTNtMyUyMTFtMiUyMTFzMHgzMTc0ZTAwNTZiYjRmMDNmJTI1M0EweDk2OTg3MzRmNzllMWFkM2UlMjEyelVtRnZJRmJodXJkMElNU1E0YnVUYm1jZ1RtRnBJQzBnUzhPcWJtZ2dUWFZoSUVKaHpJRnVJTVNRWVNCT1oySE1nRzVvSUU1bmFNT3F6SUElMjE1ZTAlMjEzbTIlMjExc3ZpJTIxMnMlMjE0djE2Mzg1OTMxNDU3NTAlMjE1bTIlMjExc3ZpJTIxMnMlMjIlMjB3aWR0aCUzRCUyMjYwMCUyMiUyMGhlaWdodCUzRCUyMjQ1MCUyMiUyMHN0eWxlJTNEJTIyYm9yZGVyJTNBMCUzQiUyMiUyMGFsbG93ZnVsbHNjcmVlbiUzRCUyMiUyMiUyMGxvYWRpbmclM0QlMjJsYXp5JTIyJTNFJTNDJTJGaWZyYW1lJTNF[\/vc_raw_html][\/vc_column][vc_column width=&#8221;1\/2&#8243;]<div class=\"sc_section\"><div class=\"sc_section_inner\"><h4 class=\"sc_section_title sc_item_title sc_item_title_without_descr\">Li\u00ean h\u1ec7 Nhung Ken Shop<\/h4><div class=\"sc_section_content_wrap\"><h3 class=\"sc_title sc_title_regular sc_align_left margin_top_null\" style=\"text-align:left;color:#ffffff;\">Li\u00ean h\u1ec7 Nhung Ken<\/h3><div role=\"form\" class=\"wpcf7\" id=\"wpcf7-f805-o1\" lang=\"en-US\" dir=\"ltr\">\n<div class=\"screen-reader-response\"><p role=\"status\" aria-live=\"polite\" aria-atomic=\"true\"><\/p> <ul><\/ul><\/div>\n<form action=\"\/nhungken-shop\/wp-json\/wp\/v2\/pages\/209#wpcf7-f805-o1\" method=\"post\" class=\"wpcf7-form init\" novalidate=\"novalidate\" data-status=\"init\">\n<div style=\"display: none;\">\n<input type=\"hidden\" name=\"_wpcf7\" value=\"805\" \/>\n<input type=\"hidden\" name=\"_wpcf7_version\" value=\"5.5.2\" \/>\n<input type=\"hidden\" name=\"_wpcf7_locale\" value=\"en_US\" \/>\n<input type=\"hidden\" name=\"_wpcf7_unit_tag\" value=\"wpcf7-f805-o1\" \/>\n<input type=\"hidden\" name=\"_wpcf7_container_post\" value=\"0\" \/>\n<input type=\"hidden\" name=\"_wpcf7_posted_data_hash\" value=\"\" \/>\n<\/div>\n<div class='itm row' ><span class=\"wpcf7-form-control-wrap your-name\"><input type=\"text\" name=\"your-name\" value=\"\" size=\"40\" class=\"wpcf7-form-control wpcf7-text wpcf7-validates-as-required\" aria-required=\"true\" aria-invalid=\"false\" placeholder=\"T\u00ean c\u1ee7a b\u1ea1n*\" \/><\/span><\/div>\n<div class='itm row'><span class=\"wpcf7-form-control-wrap your-email\"><input type=\"email\" name=\"your-email\" value=\"\" size=\"40\" class=\"wpcf7-form-control wpcf7-text wpcf7-email wpcf7-validates-as-required wpcf7-validates-as-email\" aria-required=\"true\" aria-invalid=\"false\" placeholder=\"E-mail c\u1ee7a b\u1ea1n*\" \/><\/span><\/div>\n<div class=''><span class=\"wpcf7-form-control-wrap your-message\"><textarea name=\"your-message\" cols=\"40\" rows=\"10\" class=\"wpcf7-form-control wpcf7-textarea wpcf7-validates-as-required\" aria-required=\"true\" aria-invalid=\"false\" placeholder=\"N\u1ed9i dung tin nh\u1eafn*\"><\/textarea><\/span><\/div>\n<div class=\"sc_form_field sc_form_field_button sc_form_field_submit\"><input type=\"submit\" value=\"G\u1eedi tin nh\u1eafn\" class=\"wpcf7-form-control has-spinner wpcf7-submit\" \/><\/div>\n<div class=\"wpcf7-response-output\" aria-hidden=\"true\"><\/div><\/form><\/div><\/div><\/div><\/div>[\/vc_column][\/vc_row][vc_row][vc_column]<div class=\"sc_line sc_line_position_center_center sc_line_style_solid\" style=\"border-top-style:solid;border-top-color:#dd8585;\"><\/div>[\/vc_column][\/vc_row]<\/p>\n","protected":false},"excerpt":{"rendered":"<p>[vc_row][vc_column css=&#8221;.vc_custom_1476090363107{margin-top: 0.8rem !important;margin-bottom: 0.1rem !important;}&#8221;][\/vc_column][\/vc_row][vc_row full_width=&#8221;stretch_row_content_no_spaces&#8221;][vc_column width=&#8221;1\/2&#8243;][vc_raw_html]JTNDaWZyYW1lJTIwc3JjJTNEJTIyaHR0cHMlM0ElMkYlMkZ3d3cuZ29vZ2xlLmNvbSUyRm1hcHMlMkZlbWJlZCUzRnBiJTNEJTIxMW0xOCUyMTFtMTIlMjExbTMlMjExZDM5MTguMTc5NTczOTcyMTE3NCUyMTJkMTA2LjkyMDUwNjgxNDk2NTA4JTIxM2QxMC44NzM5NDI1OTIyNTU0MjYlMjEybTMlMjExZjAlMjEyZjAlMjEzZjAlMjEzbTIlMjExaTEwMjQlMjEyaTc2OCUyMTRmMTMuMSUyMTNtMyUyMTFtMiUyMTFzMHgzMTc0ZTAwNTZiYjRmMDNmJTI1M0EweDk2OTg3MzRmNzllMWFkM2UlMjEyelVtRnZJRmJodXJkMElNU1E0YnVUYm1jZ1RtRnBJQzBnUzhPcWJtZ2dUWFZoSUVKaHpJRnVJTVNRWVNCT1oySE1nRzVvSUU1bmFNT3F6SUElMjE1ZTAlMjEzbTIlMjExc3ZpJTIxMnMlMjE0djE2Mzg1OTMxNDU3NTAlMjE1bTIlMjExc3ZpJTIxMnMlMjIlMjB3aWR0aCUzRCUyMjYwMCUyMiUyMGhlaWdodCUzRCUyMjQ1MCUyMiUyMHN0eWxlJTNEJTIyYm9yZGVyJTNBMCUzQiUyMiUyMGFsbG93ZnVsbHNjcmVlbiUzRCUyMiUyMiUyMGxvYWRpbmclM0QlMjJsYXp5JTIyJTNFJTNDJTJGaWZyYW1lJTNF[\/vc_raw_html][\/vc_column][vc_column width=&#8221;1\/2&#8243;][\/vc_column][\/vc_row][vc_row][vc_column][\/vc_column][\/vc_row]<\/p>\n","protected":false},"author":1,"featured_media":0,"parent":0,"menu_order":0,"comment_status":"closed","ping_status":"closed","template":"","meta":[],"yoast_head":"<!-- This site is optimized with the Yoast SEO plugin v17.6 - https:\/\/yoast.com\/wordpress\/plugins\/seo\/ -->\n<title>Li\u00ean h\u1ec7 ngay Gi\u00f2 Ch\u1ea3 M\u1ecdc Bi\u00ean H\u00f2a - Nhung Ken SHOP<\/title>\n<meta name=\"description\" content=\"Li\u00ean h\u1ec7 Gi\u00f2 Ch\u1ea3 M\u1ecdc Bi\u00ean H\u00f2a - Nhung Ken SHOP s\u1ec9 l\u1ebb, gi\u00f2 l\u1ee5a, ch\u1ea3 chi\u00ean, m\u1ecdc, gi\u00f2 b\u00f2 gi\u00f2 l\u01b0\u1ee1i c\u00e1c lo\u1ea1i Bi\u00ean H\u00f2a, Th\u1ef1c ph\u1ea7m l\u00e0m \u0111\u1eb9p, k\u1eb9o d\u1ee9a gi\u1ea3m c\u00e2n Bi\u00ean H\u00f2a\" \/>\n<meta name=\"robots\" content=\"noindex, follow, max-snippet:-1, max-image-preview:large, max-video-preview:-1\" \/>\n<meta property=\"og:locale\" content=\"vi_VN\" \/>\n<meta property=\"og:type\" content=\"article\" \/>\n<meta property=\"og:title\" content=\"Li\u00ean h\u1ec7 ngay Gi\u00f2 Ch\u1ea3 M\u1ecdc Bi\u00ean H\u00f2a - Nhung Ken SHOP\" \/>\n<meta property=\"og:description\" content=\"Li\u00ean h\u1ec7 Gi\u00f2 Ch\u1ea3 M\u1ecdc Bi\u00ean H\u00f2a - Nhung Ken SHOP s\u1ec9 l\u1ebb, gi\u00f2 l\u1ee5a, ch\u1ea3 chi\u00ean, m\u1ecdc, gi\u00f2 b\u00f2 gi\u00f2 l\u01b0\u1ee1i c\u00e1c lo\u1ea1i Bi\u00ean H\u00f2a, Th\u1ef1c ph\u1ea7m l\u00e0m \u0111\u1eb9p, k\u1eb9o d\u1ee9a gi\u1ea3m c\u00e2n Bi\u00ean H\u00f2a\" \/>\n<meta property=\"og:url\" content=\"https:\/\/tranhuonggroup.com\/nhungken-shop\/lien-he\" \/>\n<meta property=\"og:site_name\" content=\"Nhung Ken Shop\" \/>\n<meta property=\"article:modified_time\" content=\"2021-12-04T07:04:43+00:00\" \/>\n<meta name=\"twitter:card\" content=\"summary_large_image\" \/>\n<meta name=\"twitter:label1\" content=\"\u01af\u1edbc t\u00ednh th\u1eddi gian \u0111\u1ecdc\" \/>\n\t<meta name=\"twitter:data1\" content=\"1 ph\u00fat\" \/>\n<script type=\"application\/ld+json\" class=\"yoast-schema-graph\">{\"@context\":\"https:\/\/schema.org\",\"@graph\":[{\"@type\":\"WebSite\",\"@id\":\"https:\/\/tranhuonggroup.com\/nhungken-shop\/#website\",\"url\":\"https:\/\/tranhuonggroup.com\/nhungken-shop\/\",\"name\":\"Nhung Ken Shop\",\"description\":\"\",\"potentialAction\":[{\"@type\":\"SearchAction\",\"target\":{\"@type\":\"EntryPoint\",\"urlTemplate\":\"https:\/\/tranhuonggroup.com\/nhungken-shop\/?s={search_term_string}\"},\"query-input\":\"required name=search_term_string\"}],\"inLanguage\":\"vi\"},{\"@type\":\"WebPage\",\"@id\":\"https:\/\/tranhuonggroup.com\/nhungken-shop\/lien-he#webpage\",\"url\":\"https:\/\/tranhuonggroup.com\/nhungken-shop\/lien-he\",\"name\":\"Li\\u00ean h\\u1ec7 ngay Gi\\u00f2 Ch\\u1ea3 M\\u1ecdc Bi\\u00ean H\\u00f2a - Nhung Ken SHOP\",\"isPartOf\":{\"@id\":\"https:\/\/tranhuonggroup.com\/nhungken-shop\/#website\"},\"datePublished\":\"2016-10-05T11:53:23+00:00\",\"dateModified\":\"2021-12-04T07:04:43+00:00\",\"description\":\"Li\\u00ean h\\u1ec7 Gi\\u00f2 Ch\\u1ea3 M\\u1ecdc Bi\\u00ean H\\u00f2a - Nhung Ken SHOP s\\u1ec9 l\\u1ebb, gi\\u00f2 l\\u1ee5a, ch\\u1ea3 chi\\u00ean, m\\u1ecdc, gi\\u00f2 b\\u00f2 gi\\u00f2 l\\u01b0\\u1ee1i c\\u00e1c lo\\u1ea1i Bi\\u00ean H\\u00f2a, Th\\u1ef1c ph\\u1ea7m l\\u00e0m \\u0111\\u1eb9p, k\\u1eb9o d\\u1ee9a gi\\u1ea3m c\\u00e2n Bi\\u00ean H\\u00f2a\",\"breadcrumb\":{\"@id\":\"https:\/\/tranhuonggroup.com\/nhungken-shop\/lien-he#breadcrumb\"},\"inLanguage\":\"vi\",\"potentialAction\":[{\"@type\":\"ReadAction\",\"target\":[\"https:\/\/tranhuonggroup.com\/nhungken-shop\/lien-he\"]}]},{\"@type\":\"BreadcrumbList\",\"@id\":\"https:\/\/tranhuonggroup.com\/nhungken-shop\/lien-he#breadcrumb\",\"itemListElement\":[{\"@type\":\"ListItem\",\"position\":1,\"name\":\"Trang ch\\u1ee7\",\"item\":\"https:\/\/tranhuonggroup.com\/nhungken-shop\/\"},{\"@type\":\"ListItem\",\"position\":2,\"name\":\"Li\\u00ean h\\u1ec7\"}]}]}<\/script>\n<!-- \/ Yoast SEO plugin. -->","yoast_head_json":{"title":"Li\u00ean h\u1ec7 ngay Gi\u00f2 Ch\u1ea3 M\u1ecdc Bi\u00ean H\u00f2a - Nhung Ken SHOP","description":"Li\u00ean h\u1ec7 Gi\u00f2 Ch\u1ea3 M\u1ecdc Bi\u00ean H\u00f2a - Nhung Ken SHOP s\u1ec9 l\u1ebb, gi\u00f2 l\u1ee5a, ch\u1ea3 chi\u00ean, m\u1ecdc, gi\u00f2 b\u00f2 gi\u00f2 l\u01b0\u1ee1i c\u00e1c lo\u1ea1i Bi\u00ean H\u00f2a, Th\u1ef1c ph\u1ea7m l\u00e0m \u0111\u1eb9p, k\u1eb9o d\u1ee9a gi\u1ea3m c\u00e2n Bi\u00ean H\u00f2a","robots":{"index":"noindex","follow":"follow","max-snippet":"max-snippet:-1","max-image-preview":"max-image-preview:large","max-video-preview":"max-video-preview:-1"},"og_locale":"vi_VN","og_type":"article","og_title":"Li\u00ean h\u1ec7 ngay Gi\u00f2 Ch\u1ea3 M\u1ecdc Bi\u00ean H\u00f2a - Nhung Ken SHOP","og_description":"Li\u00ean h\u1ec7 Gi\u00f2 Ch\u1ea3 M\u1ecdc Bi\u00ean H\u00f2a - Nhung Ken SHOP s\u1ec9 l\u1ebb, gi\u00f2 l\u1ee5a, ch\u1ea3 chi\u00ean, m\u1ecdc, gi\u00f2 b\u00f2 gi\u00f2 l\u01b0\u1ee1i c\u00e1c lo\u1ea1i Bi\u00ean H\u00f2a, Th\u1ef1c ph\u1ea7m l\u00e0m \u0111\u1eb9p, k\u1eb9o d\u1ee9a gi\u1ea3m c\u00e2n Bi\u00ean H\u00f2a","og_url":"https:\/\/tranhuonggroup.com\/nhungken-shop\/lien-he","og_site_name":"Nhung Ken Shop","article_modified_time":"2021-12-04T07:04:43+00:00","twitter_card":"summary_large_image","twitter_misc":{"\u01af\u1edbc t\u00ednh th\u1eddi gian \u0111\u1ecdc":"1 ph\u00fat"},"schema":{"@context":"https:\/\/schema.org","@graph":[{"@type":"WebSite","@id":"https:\/\/tranhuonggroup.com\/nhungken-shop\/#website","url":"https:\/\/tranhuonggroup.com\/nhungken-shop\/","name":"Nhung Ken Shop","description":"","potentialAction":[{"@type":"SearchAction","target":{"@type":"EntryPoint","urlTemplate":"https:\/\/tranhuonggroup.com\/nhungken-shop\/?s={search_term_string}"},"query-input":"required name=search_term_string"}],"inLanguage":"vi"},{"@type":"WebPage","@id":"https:\/\/tranhuonggroup.com\/nhungken-shop\/lien-he#webpage","url":"https:\/\/tranhuonggroup.com\/nhungken-shop\/lien-he","name":"Li\u00ean h\u1ec7 ngay Gi\u00f2 Ch\u1ea3 M\u1ecdc Bi\u00ean H\u00f2a - Nhung Ken SHOP","isPartOf":{"@id":"https:\/\/tranhuonggroup.com\/nhungken-shop\/#website"},"datePublished":"2016-10-05T11:53:23+00:00","dateModified":"2021-12-04T07:04:43+00:00","description":"Li\u00ean h\u1ec7 Gi\u00f2 Ch\u1ea3 M\u1ecdc Bi\u00ean H\u00f2a - Nhung Ken SHOP s\u1ec9 l\u1ebb, gi\u00f2 l\u1ee5a, ch\u1ea3 chi\u00ean, m\u1ecdc, gi\u00f2 b\u00f2 gi\u00f2 l\u01b0\u1ee1i c\u00e1c lo\u1ea1i Bi\u00ean H\u00f2a, Th\u1ef1c ph\u1ea7m l\u00e0m \u0111\u1eb9p, k\u1eb9o d\u1ee9a gi\u1ea3m c\u00e2n Bi\u00ean H\u00f2a","breadcrumb":{"@id":"https:\/\/tranhuonggroup.com\/nhungken-shop\/lien-he#breadcrumb"},"inLanguage":"vi","potentialAction":[{"@type":"ReadAction","target":["https:\/\/tranhuonggroup.com\/nhungken-shop\/lien-he"]}]},{"@type":"BreadcrumbList","@id":"https:\/\/tranhuonggroup.com\/nhungken-shop\/lien-he#breadcrumb","itemListElement":[{"@type":"ListItem","position":1,"name":"Trang ch\u1ee7","item":"https:\/\/tranhuonggroup.com\/nhungken-shop\/"},{"@type":"ListItem","position":2,"name":"Li\u00ean h\u1ec7"}]}]}},"_links":{"self":[{"href":"https:\/\/tranhuonggroup.com\/nhungken-shop\/wp-json\/wp\/v2\/pages\/209"}],"collection":[{"href":"https:\/\/tranhuonggroup.com\/nhungken-shop\/wp-json\/wp\/v2\/pages"}],"about":[{"href":"https:\/\/tranhuonggroup.com\/nhungken-shop\/wp-json\/wp\/v2\/types\/page"}],"author":[{"embeddable":true,"href":"https:\/\/tranhuonggroup.com\/nhungken-shop\/wp-json\/wp\/v2\/users\/1"}],"replies":[{"embeddable":true,"href":"https:\/\/tranhuonggroup.com\/nhungken-shop\/wp-json\/wp\/v2\/comments?post=209"}],"version-history":[{"count":11,"href":"https:\/\/tranhuonggroup.com\/nhungken-shop\/wp-json\/wp\/v2\/pages\/209\/revisions"}],"predecessor-version":[{"id":1080,"href":"https:\/\/tranhuonggroup.com\/nhungken-shop\/wp-json\/wp\/v2\/pages\/209\/revisions\/1080"}],"wp:attachment":[{"href":"https:\/\/tranhuonggroup.com\/nhungken-shop\/wp-json\/wp\/v2\/media?parent=209"}],"curies":[{"name":"wp","href":"https:\/\/api.w.org\/{rel}","templated":true}]}}